{"id":4169,"date":"2025-09-05T18:13:55","date_gmt":"2025-09-05T21:13:55","guid":{"rendered":"https:\/\/muranoyachts.com\/?page_id=4169"},"modified":"2025-09-05T18:14:59","modified_gmt":"2025-09-05T21:14:59","slug":"politica-de-privacidad","status":"publish","type":"page","link":"https:\/\/muranoyachts.com\/es\/politica-de-privacidad\/","title":{"rendered":"pol\u00edtica de privacidad"},"content":{"rendered":"\t\t<div data-elementor-type=\"wp-page\" data-elementor-id=\"4169\" class=\"elementor elementor-4169\" data-elementor-post-type=\"page\">\n\t\t\t\t<div class=\"elementor-element elementor-element-0c33a00 e-flex e-con-boxed e-con e-parent\" data-id=\"0c33a00\" data-element_type=\"container\" data-settings=\"{&quot;background_background&quot;:&quot;classic&quot;}\">\n\t\t\t\t\t<div class=\"e-con-inner\">\n\t\t\t\t<div class=\"elementor-element elementor-element-4515066 elementor-widget elementor-widget-heading\" data-id=\"4515066\" data-element_type=\"widget\" data-widget_type=\"heading.default\">\n\t\t\t\t<div class=\"elementor-widget-container\">\n\t\t\t\t\t<h2 class=\"elementor-heading-title elementor-size-default\">pol\u00edtica de privacidad<\/h2>\t\t\t\t<\/div>\n\t\t\t\t<\/div>\n\t\t\t\t\t<\/div>\n\t\t\t\t<\/div>\n\t\t<div class=\"elementor-element elementor-element-e442ab6 e-flex e-con-boxed e-con e-parent\" data-id=\"e442ab6\" data-element_type=\"container\">\n\t\t\t\t\t<div class=\"e-con-inner\">\n\t\t\t\t<div class=\"elementor-element elementor-element-c69eeaf elementor-widget elementor-widget-text-editor\" data-id=\"c69eeaf\" data-element_type=\"widget\" data-widget_type=\"text-editor.default\">\n\t\t\t\t<div class=\"elementor-widget-container\">\n\t\t\t\t\t\t\t\t\t<p>Su privacidad es importante para nosotros. En Murano Yachts, la pol\u00edtica es respetar su privacidad con respecto a cualquier informaci\u00f3n que recopilemos de usted en el sitio web de Murano Yachts y en otros sitios web que poseemos y operamos.<\/p><p>Solo solicitamos informaci\u00f3n personal cuando realmente la necesitamos para prestarle un servicio. La recopilamos por medios justos y legales, con su conocimiento y consentimiento. Tambi\u00e9n le informamos por qu\u00e9 la recopilamos y c\u00f3mo la utilizaremos.<\/p><p>Solo conservamos la informaci\u00f3n recopilada el tiempo necesario para prestar el servicio solicitado. Los datos que almacenamos los protegemos con medios comercialmente aceptables para evitar p\u00e9rdidas y robos, as\u00ed como el acceso, la divulgaci\u00f3n, la copia, el uso o la modificaci\u00f3n no autorizados.<\/p><p>No compartimos informaci\u00f3n personal identificable p\u00fablicamente ni con terceros, excepto cuando lo exija la ley.<\/p><p>Nuestro sitio web puede contener enlaces a sitios externos que no operamos. Tenga en cuenta que no tenemos control sobre el contenido ni las pr\u00e1cticas de estos sitios y no nos hacemos responsables de sus respectivas pol\u00edticas de privacidad.<\/p><p>Tiene la libertad de rechazar nuestra solicitud de informaci\u00f3n personal, entendiendo que es posible que no podamos brindarle algunos de los servicios que desea.<\/p><p>Su uso continuado de nuestro sitio web se considerar\u00e1 como la aceptaci\u00f3n de nuestras pr\u00e1cticas de privacidad e informaci\u00f3n personal. Si tiene alguna pregunta sobre c\u00f3mo gestionamos los datos de usuario y la informaci\u00f3n personal, p\u00f3ngase en contacto con nosotros.<\/p><p>El servicio Google AdSense que utilizamos para mostrar publicidad utiliza una cookie de DoubleClick para mostrar anuncios m\u00e1s relevantes en la web y limitar el n\u00famero de veces que se le muestra un anuncio determinado.<br \/>Para obtener m\u00e1s informaci\u00f3n sobre Google AdSense, consulte las preguntas frecuentes oficiales sobre privacidad de Google AdSense.<br \/>Utilizamos anuncios para compensar los costes de funcionamiento de este sitio web y financiar su desarrollo futuro. Las cookies de publicidad comportamental que utiliza este sitio web est\u00e1n dise\u00f1adas para garantizar que le mostremos los anuncios m\u00e1s relevantes siempre que sea posible, rastreando an\u00f3nimamente sus intereses y presentando contenido similar que pueda ser de su inter\u00e9s. Varios socios se anuncian en nuestro nombre, y las cookies de seguimiento de afiliados nos permiten saber si nuestros clientes han accedido al sitio a trav\u00e9s de uno de nuestros sitios asociados para acreditarlos adecuadamente y, cuando corresponda, permitir que nuestros socios afiliados le ofrezcan promociones al realizar una compra.<br \/>Compromiso del usuario<br \/>El usuario se compromete a hacer un uso adecuado del contenido y la informaci\u00f3n que Murano Yachts ofrece en el sitio, incluyendo, entre otros:<\/p><p>A) No participar en actividades ilegales o contrarias a la buena fe o al orden p\u00fablico;<br \/>B) No difundir propaganda ni contenido de car\u00e1cter racista, xen\u00f3fobo, relacionado con juegos de azar, pornograf\u00eda ilegal o que apoye el terrorismo o los derechos humanos;<br \/>C) No causar da\u00f1os a los sistemas f\u00edsicos (hardware) o l\u00f3gicos (software) de Murano Yachts, sus proveedores o terceros, ni introducir o difundir virus inform\u00e1ticos o cualquier otro sistema de hardware o software capaz de causar los da\u00f1os mencionados. M\u00e1s informaci\u00f3n<br \/>Esperamos que esto le haya aclarado las cosas. Como ya se mencion\u00f3, si hay algo que no est\u00e1 seguro de necesitar, suele ser m\u00e1s seguro dejar las cookies activadas por si interact\u00faan con alguna de las funciones que utiliza en nuestro sitio web.<\/p><p>Esta pol\u00edtica entra en vigor el 8 de julio de 2024.<\/p>\t\t\t\t\t\t\t\t<\/div>\n\t\t\t\t<\/div>\n\t\t\t\t\t<\/div>\n\t\t\t\t<\/div>\n\t\t\t\t<\/div>\n\t\t","protected":false},"excerpt":{"rendered":"<p>pol\u00edtica de privacidad Su privacidad es importante para nosotros. En Murano Yachts, la pol\u00edtica es respetar su privacidad con respecto a cualquier informaci\u00f3n que recopilemos de usted en el sitio web de Murano Yachts y en otros sitios web que poseemos y operamos. Solo solicitamos informaci\u00f3n personal cuando realmente la necesitamos para prestarle un servicio. [&hellip;]<\/p>\n","protected":false},"author":1,"featured_media":0,"parent":0,"menu_order":0,"comment_status":"closed","ping_status":"closed","template":"","meta":{"_monsterinsights_skip_tracking":false,"_monsterinsights_sitenote_active":false,"_monsterinsights_sitenote_note":"","_monsterinsights_sitenote_category":0,"footnotes":""},"class_list":["post-4169","page","type-page","status-publish","hentry"],"yoast_head":"<!-- This site is optimized with the Yoast SEO plugin v22.9 - https:\/\/yoast.com\/wordpress\/plugins\/seo\/ -->\n<title>pol\u00edtica de privacidad - Murano Yachts<\/title>\n<meta name=\"robots\" content=\"index, follow, max-snippet:-1, max-image-preview:large, max-video-preview:-1\" \/>\n<link rel=\"canonical\" href=\"https:\/\/muranoyachts.com\/es\/politica-de-privacidad\/\" \/>\n<meta property=\"og:locale\" content=\"es_ES\" \/>\n<meta property=\"og:type\" content=\"article\" \/>\n<meta property=\"og:title\" content=\"pol\u00edtica de privacidad - Murano Yachts\" \/>\n<meta property=\"og:description\" content=\"pol\u00edtica de privacidad Su privacidad es importante para nosotros. En Murano Yachts, la pol\u00edtica es respetar su privacidad con respecto a cualquier informaci\u00f3n que recopilemos de usted en el sitio web de Murano Yachts y en otros sitios web que poseemos y operamos. Solo solicitamos informaci\u00f3n personal cuando realmente la necesitamos para prestarle un servicio. [&hellip;]\" \/>\n<meta property=\"og:url\" content=\"https:\/\/muranoyachts.com\/es\/politica-de-privacidad\/\" \/>\n<meta property=\"og:site_name\" content=\"Murano Yachts\" \/>\n<meta property=\"article:modified_time\" content=\"2025-09-05T21:14:59+00:00\" \/>\n<meta name=\"twitter:card\" content=\"summary_large_image\" \/>\n<meta name=\"twitter:label1\" content=\"Tiempo de lectura\" \/>\n\t<meta name=\"twitter:data1\" content=\"4 minutos\" \/>\n<script type=\"application\/ld+json\" class=\"yoast-schema-graph\">{\"@context\":\"https:\/\/schema.org\",\"@graph\":[{\"@type\":\"WebPage\",\"@id\":\"https:\/\/muranoyachts.com\/es\/politica-de-privacidad\/\",\"url\":\"https:\/\/muranoyachts.com\/es\/politica-de-privacidad\/\",\"name\":\"pol\u00edtica de privacidad - Murano Yachts\",\"isPartOf\":{\"@id\":\"https:\/\/muranoyachts.com\/#website\"},\"datePublished\":\"2025-09-05T21:13:55+00:00\",\"dateModified\":\"2025-09-05T21:14:59+00:00\",\"breadcrumb\":{\"@id\":\"https:\/\/muranoyachts.com\/es\/politica-de-privacidad\/#breadcrumb\"},\"inLanguage\":\"es\",\"potentialAction\":[{\"@type\":\"ReadAction\",\"target\":[\"https:\/\/muranoyachts.com\/es\/politica-de-privacidad\/\"]}]},{\"@type\":\"BreadcrumbList\",\"@id\":\"https:\/\/muranoyachts.com\/es\/politica-de-privacidad\/#breadcrumb\",\"itemListElement\":[{\"@type\":\"ListItem\",\"position\":1,\"name\":\"In\u00edcio\",\"item\":\"https:\/\/muranoyachts.com\/es\/\"},{\"@type\":\"ListItem\",\"position\":2,\"name\":\"pol\u00edtica de privacidad\"}]},{\"@type\":\"WebSite\",\"@id\":\"https:\/\/muranoyachts.com\/#website\",\"url\":\"https:\/\/muranoyachts.com\/\",\"name\":\"Murano Yachts\",\"description\":\"Efficiency &amp; Performance\",\"publisher\":{\"@id\":\"https:\/\/muranoyachts.com\/#organization\"},\"potentialAction\":[{\"@type\":\"SearchAction\",\"target\":{\"@type\":\"EntryPoint\",\"urlTemplate\":\"https:\/\/muranoyachts.com\/?s={search_term_string}\"},\"query-input\":\"required name=search_term_string\"}],\"inLanguage\":\"es\"},{\"@type\":\"Organization\",\"@id\":\"https:\/\/muranoyachts.com\/#organization\",\"name\":\"Murano Yachts\",\"url\":\"https:\/\/muranoyachts.com\/\",\"logo\":{\"@type\":\"ImageObject\",\"inLanguage\":\"es\",\"@id\":\"https:\/\/muranoyachts.com\/#\/schema\/logo\/image\/\",\"url\":\"https:\/\/muranoyachts.com\/wp-content\/uploads\/2024\/06\/173b8ff3-0422-4dbe-96f8-497fae982425-2.png\",\"contentUrl\":\"https:\/\/muranoyachts.com\/wp-content\/uploads\/2024\/06\/173b8ff3-0422-4dbe-96f8-497fae982425-2.png\",\"width\":2048,\"height\":268,\"caption\":\"Murano Yachts\"},\"image\":{\"@id\":\"https:\/\/muranoyachts.com\/#\/schema\/logo\/image\/\"}}]}<\/script>\n<!-- \/ Yoast SEO plugin. -->","yoast_head_json":{"title":"pol\u00edtica de privacidad - Murano Yachts","robots":{"index":"index","follow":"follow","max-snippet":"max-snippet:-1","max-image-preview":"max-image-preview:large","max-video-preview":"max-video-preview:-1"},"canonical":"https:\/\/muranoyachts.com\/es\/politica-de-privacidad\/","og_locale":"es_ES","og_type":"article","og_title":"pol\u00edtica de privacidad - Murano Yachts","og_description":"pol\u00edtica de privacidad Su privacidad es importante para nosotros. En Murano Yachts, la pol\u00edtica es respetar su privacidad con respecto a cualquier informaci\u00f3n que recopilemos de usted en el sitio web de Murano Yachts y en otros sitios web que poseemos y operamos. Solo solicitamos informaci\u00f3n personal cuando realmente la necesitamos para prestarle un servicio. [&hellip;]","og_url":"https:\/\/muranoyachts.com\/es\/politica-de-privacidad\/","og_site_name":"Murano Yachts","article_modified_time":"2025-09-05T21:14:59+00:00","twitter_card":"summary_large_image","twitter_misc":{"Tiempo de lectura":"4 minutos"},"schema":{"@context":"https:\/\/schema.org","@graph":[{"@type":"WebPage","@id":"https:\/\/muranoyachts.com\/es\/politica-de-privacidad\/","url":"https:\/\/muranoyachts.com\/es\/politica-de-privacidad\/","name":"pol\u00edtica de privacidad - Murano Yachts","isPartOf":{"@id":"https:\/\/muranoyachts.com\/#website"},"datePublished":"2025-09-05T21:13:55+00:00","dateModified":"2025-09-05T21:14:59+00:00","breadcrumb":{"@id":"https:\/\/muranoyachts.com\/es\/politica-de-privacidad\/#breadcrumb"},"inLanguage":"es","potentialAction":[{"@type":"ReadAction","target":["https:\/\/muranoyachts.com\/es\/politica-de-privacidad\/"]}]},{"@type":"BreadcrumbList","@id":"https:\/\/muranoyachts.com\/es\/politica-de-privacidad\/#breadcrumb","itemListElement":[{"@type":"ListItem","position":1,"name":"In\u00edcio","item":"https:\/\/muranoyachts.com\/es\/"},{"@type":"ListItem","position":2,"name":"pol\u00edtica de privacidad"}]},{"@type":"WebSite","@id":"https:\/\/muranoyachts.com\/#website","url":"https:\/\/muranoyachts.com\/","name":"Murano Yachts","description":"Efficiency &amp; Performance","publisher":{"@id":"https:\/\/muranoyachts.com\/#organization"},"potentialAction":[{"@type":"SearchAction","target":{"@type":"EntryPoint","urlTemplate":"https:\/\/muranoyachts.com\/?s={search_term_string}"},"query-input":"required name=search_term_string"}],"inLanguage":"es"},{"@type":"Organization","@id":"https:\/\/muranoyachts.com\/#organization","name":"Murano Yachts","url":"https:\/\/muranoyachts.com\/","logo":{"@type":"ImageObject","inLanguage":"es","@id":"https:\/\/muranoyachts.com\/#\/schema\/logo\/image\/","url":"https:\/\/muranoyachts.com\/wp-content\/uploads\/2024\/06\/173b8ff3-0422-4dbe-96f8-497fae982425-2.png","contentUrl":"https:\/\/muranoyachts.com\/wp-content\/uploads\/2024\/06\/173b8ff3-0422-4dbe-96f8-497fae982425-2.png","width":2048,"height":268,"caption":"Murano Yachts"},"image":{"@id":"https:\/\/muranoyachts.com\/#\/schema\/logo\/image\/"}}]}},"_links":{"self":[{"href":"https:\/\/muranoyachts.com\/es\/wp-json\/wp\/v2\/pages\/4169","targetHints":{"allow":["GET"]}}],"collection":[{"href":"https:\/\/muranoyachts.com\/es\/wp-json\/wp\/v2\/pages"}],"about":[{"href":"https:\/\/muranoyachts.com\/es\/wp-json\/wp\/v2\/types\/page"}],"author":[{"embeddable":true,"href":"https:\/\/muranoyachts.com\/es\/wp-json\/wp\/v2\/users\/1"}],"replies":[{"embeddable":true,"href":"https:\/\/muranoyachts.com\/es\/wp-json\/wp\/v2\/comments?post=4169"}],"version-history":[{"count":4,"href":"https:\/\/muranoyachts.com\/es\/wp-json\/wp\/v2\/pages\/4169\/revisions"}],"predecessor-version":[{"id":4173,"href":"https:\/\/muranoyachts.com\/es\/wp-json\/wp\/v2\/pages\/4169\/revisions\/4173"}],"wp:attachment":[{"href":"https:\/\/muranoyachts.com\/es\/wp-json\/wp\/v2\/media?parent=4169"}],"curies":[{"name":"wp","href":"https:\/\/api.w.org\/{rel}","templated":true}]}}