{"id":4174,"date":"2025-09-05T18:20:35","date_gmt":"2025-09-05T21:20:35","guid":{"rendered":"https:\/\/muranoyachts.com\/?page_id=4174"},"modified":"2025-09-05T18:26:12","modified_gmt":"2025-09-05T21:26:12","slug":"terminos-y-condiciones","status":"publish","type":"page","link":"https:\/\/muranoyachts.com\/es\/terminos-y-condiciones\/","title":{"rendered":"T\u00e9rminos y condiciones"},"content":{"rendered":"\t\t<div data-elementor-type=\"wp-page\" data-elementor-id=\"4174\" class=\"elementor elementor-4174\" data-elementor-post-type=\"page\">\n\t\t\t\t<div class=\"elementor-element elementor-element-d00355f e-flex e-con-boxed e-con e-parent\" data-id=\"d00355f\" data-element_type=\"container\" data-settings=\"{&quot;background_background&quot;:&quot;classic&quot;}\">\n\t\t\t\t\t<div class=\"e-con-inner\">\n\t\t\t\t<div class=\"elementor-element elementor-element-4df9d4a elementor-widget elementor-widget-heading\" data-id=\"4df9d4a\" data-element_type=\"widget\" data-widget_type=\"heading.default\">\n\t\t\t\t<div class=\"elementor-widget-container\">\n\t\t\t\t\t<h2 class=\"elementor-heading-title elementor-size-default\">T\u00e9rminos y condiciones<\/h2>\t\t\t\t<\/div>\n\t\t\t\t<\/div>\n\t\t\t\t\t<\/div>\n\t\t\t\t<\/div>\n\t\t<div class=\"elementor-element elementor-element-5ce8c02 e-flex e-con-boxed e-con e-parent\" data-id=\"5ce8c02\" data-element_type=\"container\">\n\t\t\t\t\t<div class=\"e-con-inner\">\n\t\t\t\t<div class=\"elementor-element elementor-element-358a6aa elementor-widget elementor-widget-text-editor\" data-id=\"358a6aa\" data-element_type=\"widget\" data-widget_type=\"text-editor.default\">\n\t\t\t\t<div class=\"elementor-widget-container\">\n\t\t\t\t\t\t\t\t\t<p>1. Condiciones<\/p><p>Al acceder al sitio web de Murano Yachts, usted acepta cumplir con estas condiciones de servicio, todas las leyes y regulaciones aplicables, y acepta ser responsable del cumplimiento de todas las leyes locales aplicables. Si no acepta alguna de estas condiciones, se le proh\u00edbe usar o acceder a este sitio. Los materiales contenidos en este sitio est\u00e1n protegidos por las leyes aplicables de derechos de autor y marcas registradas.<\/p><p>2. Licencia de uso<\/p><p>Se concede permiso para descargar temporalmente una copia de los materiales (informaci\u00f3n o software) del sitio web de Murano Yachts, \u00fanicamente para su visualizaci\u00f3n transitoria personal y no comercial. Esta licencia otorga una licencia, no una transferencia de titularidad, y bajo esta licencia, usted no puede:<\/p><p>modificar ni copiar los materiales;<\/p><p>utilizar los materiales con fines comerciales ni para su exhibici\u00f3n p\u00fablica (comercial o no comercial);<\/p><p>intentar descompilar o aplicar ingenier\u00eda inversa a cualquier software contenido en el sitio web de Murano Yachts;<\/p><p>eliminar cualquier anotaci\u00f3n de derechos de autor u otra anotaci\u00f3n de propiedad de los materiales; o<\/p><p>transferir los materiales a otra persona o replicarlos en cualquier otro servidor.<\/p><p>Esta licencia finalizar\u00e1 autom\u00e1ticamente si usted infringe cualquiera de estas restricciones y Murano Yachts podr\u00e1 rescindirla en cualquier momento. Al finalizar la visualizaci\u00f3n de estos materiales o al rescindirse esta licencia, deber\u00e1 eliminar todos los materiales descargados que tenga en su poder, ya sea en formato electr\u00f3nico o impreso.<\/p><p>3. Descargo de responsabilidad<br \/>Los materiales del sitio web de Murano Yachts se proporcionan \u00abtal cual\u00bb. Murano Yachts no ofrece garant\u00edas, expresas ni impl\u00edcitas, y por la presente renuncia y niega todas las dem\u00e1s garant\u00edas, incluidas, entre otras, las garant\u00edas o condiciones impl\u00edcitas de comerciabilidad, idoneidad para un fin determinado o no infracci\u00f3n de la propiedad intelectual u otras violaciones de derechos.<br \/>Asimismo, Murano Yachts no garantiza ni realiza ninguna declaraci\u00f3n sobre la exactitud, los resultados probables o la fiabilidad del uso de los materiales en su sitio web o relacionados con dichos materiales o en cualquier sitio enlazado a este. 4. Limitaciones<\/p><p>En ning\u00fan caso, Murano Yachts ni sus proveedores ser\u00e1n responsables de ning\u00fan da\u00f1o (incluidos, entre otros, da\u00f1os por p\u00e9rdida de datos o beneficios, o debido a la interrupci\u00f3n del negocio) que surja del uso o la imposibilidad de usar los materiales de Murano Yachts, incluso si Murano Yachts o un representante autorizado de Murano Yachts ha sido notificado oralmente o por escrito de la posibilidad de dichos da\u00f1os. Dado que algunas jurisdicciones no permiten limitaciones a las garant\u00edas impl\u00edcitas ni limitaciones de responsabilidad por da\u00f1os consecuentes o incidentales, es posible que estas limitaciones no le sean aplicables.<\/p><p>5. Exactitud de los Materiales<\/p><p>Los materiales que aparecen en el sitio web de Murano Yachts podr\u00edan contener errores t\u00e9cnicos, tipogr\u00e1ficos o fotogr\u00e1ficos. Murano Yachts no garantiza que los materiales de su sitio web sean precisos, completos o actuales. Murano Yachts puede realizar cambios en los materiales de su sitio web en cualquier momento sin previo aviso. Sin embargo, Murano Yachts no se compromete a actualizar los materiales.<\/p><p>6. Enlaces<\/p><p>Murano Yachts no ha revisado todos los sitios enlazados a su sitio web y no se responsabiliza del contenido de ninguno de ellos. La inclusi\u00f3n de un enlace no implica la aprobaci\u00f3n del sitio por parte de Murano Yachts. El uso de cualquier sitio enlazado es bajo la propia responsabilidad del usuario.<\/p><p>Modificaciones<\/p><p>Murano Yachts puede revisar estos t\u00e9rminos de servicio del sitio web en cualquier momento sin previo aviso. Al utilizar este sitio web, usted acepta estar sujeto a la versi\u00f3n vigente en ese momento de estos t\u00e9rminos de servicio.<\/p><p>Ley Aplicable<\/p><p>Estos t\u00e9rminos y condiciones se rigen e interpretan de conformidad con las leyes de Murano Yachts, y usted se somete irrevocablemente a la jurisdicci\u00f3n exclusiva de los tribunales de ese estado o lugar.<\/p>\t\t\t\t\t\t\t\t<\/div>\n\t\t\t\t<\/div>\n\t\t\t\t\t<\/div>\n\t\t\t\t<\/div>\n\t\t\t\t<\/div>\n\t\t","protected":false},"excerpt":{"rendered":"<p>T\u00e9rminos y condiciones 1. Condiciones Al acceder al sitio web de Murano Yachts, usted acepta cumplir con estas condiciones de servicio, todas las leyes y regulaciones aplicables, y acepta ser responsable del cumplimiento de todas las leyes locales aplicables. Si no acepta alguna de estas condiciones, se le proh\u00edbe usar o acceder a este sitio. [&hellip;]<\/p>\n","protected":false},"author":1,"featured_media":0,"parent":0,"menu_order":0,"comment_status":"closed","ping_status":"closed","template":"","meta":{"_monsterinsights_skip_tracking":false,"_monsterinsights_sitenote_active":false,"_monsterinsights_sitenote_note":"","_monsterinsights_sitenote_category":0,"footnotes":""},"class_list":["post-4174","page","type-page","status-publish","hentry"],"yoast_head":"<!-- This site is optimized with the Yoast SEO plugin v22.9 - https:\/\/yoast.com\/wordpress\/plugins\/seo\/ -->\n<title>T\u00e9rminos y condiciones - Murano Yachts<\/title>\n<meta name=\"robots\" content=\"index, follow, max-snippet:-1, max-image-preview:large, max-video-preview:-1\" \/>\n<link rel=\"canonical\" href=\"https:\/\/muranoyachts.com\/es\/terminos-y-condiciones\/\" \/>\n<meta property=\"og:locale\" content=\"es_ES\" \/>\n<meta property=\"og:type\" content=\"article\" \/>\n<meta property=\"og:title\" content=\"T\u00e9rminos y condiciones - Murano Yachts\" \/>\n<meta property=\"og:description\" content=\"T\u00e9rminos y condiciones 1. Condiciones Al acceder al sitio web de Murano Yachts, usted acepta cumplir con estas condiciones de servicio, todas las leyes y regulaciones aplicables, y acepta ser responsable del cumplimiento de todas las leyes locales aplicables. Si no acepta alguna de estas condiciones, se le proh\u00edbe usar o acceder a este sitio. [&hellip;]\" \/>\n<meta property=\"og:url\" content=\"https:\/\/muranoyachts.com\/es\/terminos-y-condiciones\/\" \/>\n<meta property=\"og:site_name\" content=\"Murano Yachts\" \/>\n<meta property=\"article:modified_time\" content=\"2025-09-05T21:26:12+00:00\" \/>\n<meta name=\"twitter:card\" content=\"summary_large_image\" \/>\n<meta name=\"twitter:label1\" content=\"Tiempo de lectura\" \/>\n\t<meta name=\"twitter:data1\" content=\"4 minutos\" \/>\n<script type=\"application\/ld+json\" class=\"yoast-schema-graph\">{\"@context\":\"https:\/\/schema.org\",\"@graph\":[{\"@type\":\"WebPage\",\"@id\":\"https:\/\/muranoyachts.com\/es\/terminos-y-condiciones\/\",\"url\":\"https:\/\/muranoyachts.com\/es\/terminos-y-condiciones\/\",\"name\":\"T\u00e9rminos y condiciones - Murano Yachts\",\"isPartOf\":{\"@id\":\"https:\/\/muranoyachts.com\/#website\"},\"datePublished\":\"2025-09-05T21:20:35+00:00\",\"dateModified\":\"2025-09-05T21:26:12+00:00\",\"breadcrumb\":{\"@id\":\"https:\/\/muranoyachts.com\/es\/terminos-y-condiciones\/#breadcrumb\"},\"inLanguage\":\"es\",\"potentialAction\":[{\"@type\":\"ReadAction\",\"target\":[\"https:\/\/muranoyachts.com\/es\/terminos-y-condiciones\/\"]}]},{\"@type\":\"BreadcrumbList\",\"@id\":\"https:\/\/muranoyachts.com\/es\/terminos-y-condiciones\/#breadcrumb\",\"itemListElement\":[{\"@type\":\"ListItem\",\"position\":1,\"name\":\"In\u00edcio\",\"item\":\"https:\/\/muranoyachts.com\/es\/\"},{\"@type\":\"ListItem\",\"position\":2,\"name\":\"T\u00e9rminos y condiciones\"}]},{\"@type\":\"WebSite\",\"@id\":\"https:\/\/muranoyachts.com\/#website\",\"url\":\"https:\/\/muranoyachts.com\/\",\"name\":\"Murano Yachts\",\"description\":\"Efficiency &amp; Performance\",\"publisher\":{\"@id\":\"https:\/\/muranoyachts.com\/#organization\"},\"potentialAction\":[{\"@type\":\"SearchAction\",\"target\":{\"@type\":\"EntryPoint\",\"urlTemplate\":\"https:\/\/muranoyachts.com\/?s={search_term_string}\"},\"query-input\":\"required name=search_term_string\"}],\"inLanguage\":\"es\"},{\"@type\":\"Organization\",\"@id\":\"https:\/\/muranoyachts.com\/#organization\",\"name\":\"Murano Yachts\",\"url\":\"https:\/\/muranoyachts.com\/\",\"logo\":{\"@type\":\"ImageObject\",\"inLanguage\":\"es\",\"@id\":\"https:\/\/muranoyachts.com\/#\/schema\/logo\/image\/\",\"url\":\"https:\/\/muranoyachts.com\/wp-content\/uploads\/2024\/06\/173b8ff3-0422-4dbe-96f8-497fae982425-2.png\",\"contentUrl\":\"https:\/\/muranoyachts.com\/wp-content\/uploads\/2024\/06\/173b8ff3-0422-4dbe-96f8-497fae982425-2.png\",\"width\":2048,\"height\":268,\"caption\":\"Murano Yachts\"},\"image\":{\"@id\":\"https:\/\/muranoyachts.com\/#\/schema\/logo\/image\/\"}}]}<\/script>\n<!-- \/ Yoast SEO plugin. -->","yoast_head_json":{"title":"T\u00e9rminos y condiciones - Murano Yachts","robots":{"index":"index","follow":"follow","max-snippet":"max-snippet:-1","max-image-preview":"max-image-preview:large","max-video-preview":"max-video-preview:-1"},"canonical":"https:\/\/muranoyachts.com\/es\/terminos-y-condiciones\/","og_locale":"es_ES","og_type":"article","og_title":"T\u00e9rminos y condiciones - Murano Yachts","og_description":"T\u00e9rminos y condiciones 1. Condiciones Al acceder al sitio web de Murano Yachts, usted acepta cumplir con estas condiciones de servicio, todas las leyes y regulaciones aplicables, y acepta ser responsable del cumplimiento de todas las leyes locales aplicables. Si no acepta alguna de estas condiciones, se le proh\u00edbe usar o acceder a este sitio. [&hellip;]","og_url":"https:\/\/muranoyachts.com\/es\/terminos-y-condiciones\/","og_site_name":"Murano Yachts","article_modified_time":"2025-09-05T21:26:12+00:00","twitter_card":"summary_large_image","twitter_misc":{"Tiempo de lectura":"4 minutos"},"schema":{"@context":"https:\/\/schema.org","@graph":[{"@type":"WebPage","@id":"https:\/\/muranoyachts.com\/es\/terminos-y-condiciones\/","url":"https:\/\/muranoyachts.com\/es\/terminos-y-condiciones\/","name":"T\u00e9rminos y condiciones - Murano Yachts","isPartOf":{"@id":"https:\/\/muranoyachts.com\/#website"},"datePublished":"2025-09-05T21:20:35+00:00","dateModified":"2025-09-05T21:26:12+00:00","breadcrumb":{"@id":"https:\/\/muranoyachts.com\/es\/terminos-y-condiciones\/#breadcrumb"},"inLanguage":"es","potentialAction":[{"@type":"ReadAction","target":["https:\/\/muranoyachts.com\/es\/terminos-y-condiciones\/"]}]},{"@type":"BreadcrumbList","@id":"https:\/\/muranoyachts.com\/es\/terminos-y-condiciones\/#breadcrumb","itemListElement":[{"@type":"ListItem","position":1,"name":"In\u00edcio","item":"https:\/\/muranoyachts.com\/es\/"},{"@type":"ListItem","position":2,"name":"T\u00e9rminos y condiciones"}]},{"@type":"WebSite","@id":"https:\/\/muranoyachts.com\/#website","url":"https:\/\/muranoyachts.com\/","name":"Murano Yachts","description":"Efficiency &amp; Performance","publisher":{"@id":"https:\/\/muranoyachts.com\/#organization"},"potentialAction":[{"@type":"SearchAction","target":{"@type":"EntryPoint","urlTemplate":"https:\/\/muranoyachts.com\/?s={search_term_string}"},"query-input":"required name=search_term_string"}],"inLanguage":"es"},{"@type":"Organization","@id":"https:\/\/muranoyachts.com\/#organization","name":"Murano Yachts","url":"https:\/\/muranoyachts.com\/","logo":{"@type":"ImageObject","inLanguage":"es","@id":"https:\/\/muranoyachts.com\/#\/schema\/logo\/image\/","url":"https:\/\/muranoyachts.com\/wp-content\/uploads\/2024\/06\/173b8ff3-0422-4dbe-96f8-497fae982425-2.png","contentUrl":"https:\/\/muranoyachts.com\/wp-content\/uploads\/2024\/06\/173b8ff3-0422-4dbe-96f8-497fae982425-2.png","width":2048,"height":268,"caption":"Murano Yachts"},"image":{"@id":"https:\/\/muranoyachts.com\/#\/schema\/logo\/image\/"}}]}},"_links":{"self":[{"href":"https:\/\/muranoyachts.com\/es\/wp-json\/wp\/v2\/pages\/4174","targetHints":{"allow":["GET"]}}],"collection":[{"href":"https:\/\/muranoyachts.com\/es\/wp-json\/wp\/v2\/pages"}],"about":[{"href":"https:\/\/muranoyachts.com\/es\/wp-json\/wp\/v2\/types\/page"}],"author":[{"embeddable":true,"href":"https:\/\/muranoyachts.com\/es\/wp-json\/wp\/v2\/users\/1"}],"replies":[{"embeddable":true,"href":"https:\/\/muranoyachts.com\/es\/wp-json\/wp\/v2\/comments?post=4174"}],"version-history":[{"count":4,"href":"https:\/\/muranoyachts.com\/es\/wp-json\/wp\/v2\/pages\/4174\/revisions"}],"predecessor-version":[{"id":4180,"href":"https:\/\/muranoyachts.com\/es\/wp-json\/wp\/v2\/pages\/4174\/revisions\/4180"}],"wp:attachment":[{"href":"https:\/\/muranoyachts.com\/es\/wp-json\/wp\/v2\/media?parent=4174"}],"curies":[{"name":"wp","href":"https:\/\/api.w.org\/{rel}","templated":true}]}}