{"id":25,"date":"2024-06-16T11:38:42","date_gmt":"2024-06-16T14:38:42","guid":{"rendered":"https:\/\/muranoyachts.com\/?page_id=25"},"modified":"2025-11-20T11:48:18","modified_gmt":"2025-11-20T14:48:18","slug":"power-catamaras-rovercat-280","status":"publish","type":"page","link":"https:\/\/muranoyachts.com\/pt-br\/power-catamaras-rovercat-280\/","title":{"rendered":"Power Catamar\u00e3 &#8211; ROVERCAT 280"},"content":{"rendered":"\t\t<div data-elementor-type=\"wp-page\" data-elementor-id=\"25\" class=\"elementor elementor-25\" data-elementor-post-type=\"page\">\n\t\t\t\t\t\t<section class=\"elementor-section elementor-top-section elementor-element elementor-element-0fd413c elementor-section-height-min-height elementor-section-boxed elementor-section-height-default elementor-section-items-middle\" data-id=\"0fd413c\" data-element_type=\"section\" data-settings=\"{&quot;background_background&quot;:&quot;classic&quot;}\">\n\t\t\t\t\t\t\t<div class=\"elementor-background-overlay\"><\/div>\n\t\t\t\t\t\t\t<div class=\"elementor-container elementor-column-gap-wider\">\n\t\t\t\t\t<div class=\"elementor-column elementor-col-100 elementor-top-column elementor-element elementor-element-6faa534\" data-id=\"6faa534\" data-element_type=\"column\">\n\t\t\t<div class=\"elementor-widget-wrap elementor-element-populated\">\n\t\t\t\t\t\t<div class=\"elementor-element elementor-element-858861c elementor-widget elementor-widget-heading\" data-id=\"858861c\" data-element_type=\"widget\" data-widget_type=\"heading.default\">\n\t\t\t\t<div class=\"elementor-widget-container\">\n\t\t\t\t\t<h1 class=\"elementor-heading-title elementor-size-default\">CATAMAR\u00c3 ROVERCAT 280<\/h1>\t\t\t\t<\/div>\n\t\t\t\t<\/div>\n\t\t\t\t<div class=\"elementor-element elementor-element-730f6f3 elementor-widget elementor-widget-heading\" data-id=\"730f6f3\" data-element_type=\"widget\" data-widget_type=\"heading.default\">\n\t\t\t\t<div class=\"elementor-widget-container\">\n\t\t\t\t\t<h1 class=\"elementor-heading-title elementor-size-default\">Em breve<\/h1>\t\t\t\t<\/div>\n\t\t\t\t<\/div>\n\t\t\t\t\t<\/div>\n\t\t<\/div>\n\t\t\t\t\t<\/div>\n\t\t<\/section>\n\t\t<div class=\"elementor-element elementor-element-f235b4a e-flex e-con-boxed e-con e-parent\" data-id=\"f235b4a\" data-element_type=\"container\">\n\t\t\t\t\t<div class=\"e-con-inner\">\n\t\t\t\t<div class=\"elementor-element elementor-element-6b38280 elementor-widget elementor-widget-heading\" data-id=\"6b38280\" data-element_type=\"widget\" data-widget_type=\"heading.default\">\n\t\t\t\t<div class=\"elementor-widget-container\">\n\t\t\t\t\t<h2 class=\"elementor-heading-title elementor-size-default\">Rovercat 280<\/h2>\t\t\t\t<\/div>\n\t\t\t\t<\/div>\n\t\t\t\t<div class=\"elementor-element elementor-element-2262c97 elementor-widget elementor-widget-heading\" data-id=\"2262c97\" data-element_type=\"widget\" data-widget_type=\"heading.default\">\n\t\t\t\t<div class=\"elementor-widget-container\">\n\t\t\t\t\t<h2 class=\"elementor-heading-title elementor-size-default\">Pescar. Navegar. Explorar!<\/h2>\t\t\t\t<\/div>\n\t\t\t\t<\/div>\n\t\t\t\t<div class=\"elementor-element elementor-element-e125c35 elementor-widget__width-initial elementor-widget elementor-widget-text-editor\" data-id=\"e125c35\" data-element_type=\"widget\" data-widget_type=\"text-editor.default\">\n\t\t\t\t<div class=\"elementor-widget-container\">\n\t\t\t\t\t\t\t\t\t<p>Com lan\u00e7amento previsto para o in\u00edcio de 2026, o nov\u00edssimo Rovercat de 28 p\u00e9s combina o requinte artesanal caracter\u00edstico de Murano com a estabilidade e a efici\u00eancia de um verdadeiro catamar\u00e3 a motor. Projetado para viagens de pesca inesquec\u00edveis e aventuras em fam\u00edlia, equipado com dois motores de popa \u2014 e com o inconfund\u00edvel toque da Murano.<\/p>\t\t\t\t\t\t\t\t<\/div>\n\t\t\t\t<\/div>\n\t\t\t\t\t<\/div>\n\t\t\t\t<\/div>\n\t\t<div class=\"elementor-element elementor-element-3e757a21 elementor-hidden-mobile e-flex e-con-boxed e-con e-parent\" data-id=\"3e757a21\" data-element_type=\"container\" data-settings=\"{&quot;background_background&quot;:&quot;classic&quot;}\">\n\t\t\t\t\t<div class=\"e-con-inner\">\n\t\t<div class=\"elementor-element elementor-element-69bf18e0 e-con-full e-flex e-con e-child\" data-id=\"69bf18e0\" data-element_type=\"container\" data-settings=\"{&quot;background_background&quot;:&quot;classic&quot;}\">\n\t\t\t\t<div class=\"elementor-element elementor-element-1dbdad1c elementor-widget elementor-widget-heading\" data-id=\"1dbdad1c\" data-element_type=\"widget\" data-widget_type=\"heading.default\">\n\t\t\t\t<div class=\"elementor-widget-container\">\n\t\t\t\t\t<h2 class=\"elementor-heading-title elementor-size-default\">Preencha o formul\u00e1rio<\/h2>\t\t\t\t<\/div>\n\t\t\t\t<\/div>\n\t\t\t\t<div class=\"elementor-element elementor-element-6dd33f55 elementor-widget elementor-widget-heading\" data-id=\"6dd33f55\" data-element_type=\"widget\" data-widget_type=\"heading.default\">\n\t\t\t\t<div class=\"elementor-widget-container\">\n\t\t\t\t\t<h1 class=\"elementor-heading-title elementor-size-default\">Entre em contato e fa\u00e7a sua reserva<\/h1>\t\t\t\t<\/div>\n\t\t\t\t<\/div>\n\t\t\t\t<\/div>\n\t\t<div class=\"elementor-element elementor-element-63534f66 e-con-full e-flex e-con e-child\" data-id=\"63534f66\" data-element_type=\"container\" data-settings=\"{&quot;background_background&quot;:&quot;classic&quot;}\">\n\t\t\t\t<div class=\"elementor-element elementor-element-67a3826 elementor-button-align-stretch elementor-widget elementor-widget-form\" data-id=\"67a3826\" data-element_type=\"widget\" data-settings=\"{&quot;step_next_label&quot;:&quot;Next&quot;,&quot;step_previous_label&quot;:&quot;Previous&quot;,&quot;button_width&quot;:&quot;100&quot;,&quot;step_type&quot;:&quot;number_text&quot;,&quot;step_icon_shape&quot;:&quot;circle&quot;}\" data-widget_type=\"form.default\">\n\t\t\t\t<div class=\"elementor-widget-container\">\n\t\t\t\t\t\t\t<form class=\"elementor-form\" method=\"post\" name=\"New Form\" aria-label=\"New Form\">\n\t\t\t<input type=\"hidden\" name=\"post_id\" value=\"25\"\/>\n\t\t\t<input type=\"hidden\" name=\"form_id\" value=\"67a3826\"\/>\n\t\t\t<input type=\"hidden\" name=\"referer_title\" value=\"Power Catamar\u00e3 - ROVERCAT 280 - Murano Yachts\" \/>\n\n\t\t\t\t\t\t\t<input type=\"hidden\" name=\"queried_id\" value=\"25\"\/>\n\t\t\t\n\t\t\t<div class=\"elementor-form-fields-wrapper elementor-labels-above\">\n\t\t\t\t\t\t\t\t<div class=\"elementor-field-type-text elementor-field-group elementor-column elementor-field-group-name elementor-col-100\">\n\t\t\t\t\t\t\t\t\t\t\t\t\t<input size=\"1\" type=\"text\" name=\"form_fields[name]\" id=\"form-field-name\" class=\"elementor-field elementor-size-sm  elementor-field-textual\" placeholder=\"Nome\">\n\t\t\t\t\t\t\t\t\t\t\t<\/div>\n\t\t\t\t\t\t\t\t<div class=\"elementor-field-type-email elementor-field-group elementor-column elementor-field-group-email elementor-col-100 elementor-field-required\">\n\t\t\t\t\t\t\t\t\t\t\t\t\t<input size=\"1\" type=\"email\" name=\"form_fields[email]\" id=\"form-field-email\" class=\"elementor-field elementor-size-sm  elementor-field-textual\" placeholder=\"Email\" required=\"required\">\n\t\t\t\t\t\t\t\t\t\t\t<\/div>\n\t\t\t\t\t\t\t\t<div class=\"elementor-field-type-tel elementor-field-group elementor-column elementor-field-group-field_fa4452f elementor-col-100 elementor-field-required\">\n\t\t\t\t\t\t\t<input size=\"1\" type=\"tel\" name=\"form_fields[field_fa4452f]\" id=\"form-field-field_fa4452f\" class=\"elementor-field elementor-size-sm  elementor-field-textual\" placeholder=\"Telefone\" required=\"required\" pattern=\"[0-9()#&amp;+*-=.]+\" title=\"Apenas n\u00fameros e caracteres de telefone (#, -, *, etc.) s\u00e3o aceitos.\">\n\n\t\t\t\t\t\t<\/div>\n\t\t\t\t\t\t\t\t<div class=\"elementor-field-type-select elementor-field-group elementor-column elementor-field-group-field_583ac40 elementor-col-100 elementor-field-required\">\n\t\t\t\t\t\t\t<div class=\"elementor-field elementor-select-wrapper remove-before \">\n\t\t\t<div class=\"select-caret-down-wrapper\">\n\t\t\t\t<svg aria-hidden=\"true\" class=\"e-font-icon-svg e-eicon-caret-down\" viewBox=\"0 0 571.4 571.4\" xmlns=\"http:\/\/www.w3.org\/2000\/svg\"><path d=\"M571 393Q571 407 561 418L311 668Q300 679 286 679T261 668L11 418Q0 407 0 393T11 368 36 357H536Q550 357 561 368T571 393Z\"><\/path><\/svg>\t\t\t<\/div>\n\t\t\t<select name=\"form_fields[field_583ac40]\" id=\"form-field-field_583ac40\" class=\"elementor-field-textual elementor-size-sm\" required=\"required\">\n\t\t\t\t\t\t\t\t\t<option value=\"ROVERCAT 280\">ROVERCAT 280<\/option>\n\t\t\t\t\t\t\t<\/select>\n\t\t<\/div>\n\t\t\t\t\t\t<\/div>\n\t\t\t\t\t\t\t\t<div class=\"elementor-field-group elementor-column elementor-field-type-submit elementor-col-100 e-form__buttons\">\n\t\t\t\t\t<button class=\"elementor-button elementor-size-sm\" type=\"submit\">\n\t\t\t\t\t\t<span class=\"elementor-button-content-wrapper\">\n\t\t\t\t\t\t\t\t\t\t\t\t\t\t\t\t\t\t\t\t\t\t<span class=\"elementor-button-text\">Enviar<\/span>\n\t\t\t\t\t\t\t\t\t\t\t\t\t<\/span>\n\t\t\t\t\t<\/button>\n\t\t\t\t<\/div>\n\t\t\t<\/div>\n\t\t<\/form>\n\t\t\t\t\t\t<\/div>\n\t\t\t\t<\/div>\n\t\t\t\t<\/div>\n\t\t\t\t\t<\/div>\n\t\t\t\t<\/div>\n\t\t<div class=\"elementor-element elementor-element-f69a399 elementor-hidden-desktop elementor-hidden-tablet e-flex e-con-boxed e-con e-parent\" data-id=\"f69a399\" data-element_type=\"container\" data-settings=\"{&quot;background_background&quot;:&quot;classic&quot;}\">\n\t\t\t\t\t<div class=\"e-con-inner\">\n\t\t<div class=\"elementor-element elementor-element-104a22e e-con-full e-flex e-con e-child\" data-id=\"104a22e\" data-element_type=\"container\" data-settings=\"{&quot;background_background&quot;:&quot;classic&quot;}\">\n\t\t\t\t<div class=\"elementor-element elementor-element-90650ae elementor-widget elementor-widget-heading\" data-id=\"90650ae\" data-element_type=\"widget\" data-widget_type=\"heading.default\">\n\t\t\t\t<div class=\"elementor-widget-container\">\n\t\t\t\t\t<h2 class=\"elementor-heading-title elementor-size-default\">Preencha o formul\u00e1rio<\/h2>\t\t\t\t<\/div>\n\t\t\t\t<\/div>\n\t\t\t\t<div class=\"elementor-element elementor-element-73325de elementor-widget elementor-widget-heading\" data-id=\"73325de\" data-element_type=\"widget\" data-widget_type=\"heading.default\">\n\t\t\t\t<div class=\"elementor-widget-container\">\n\t\t\t\t\t<h1 class=\"elementor-heading-title elementor-size-default\">Entre em contato e fa\u00e7a sua reserva<\/h1>\t\t\t\t<\/div>\n\t\t\t\t<\/div>\n\t\t\t\t<\/div>\n\t\t<div class=\"elementor-element elementor-element-77ee152 e-con-full e-flex e-con e-child\" data-id=\"77ee152\" data-element_type=\"container\" data-settings=\"{&quot;background_background&quot;:&quot;classic&quot;}\">\n\t\t\t\t<div class=\"elementor-element elementor-element-16b67c9 elementor-button-align-stretch elementor-widget elementor-widget-form\" data-id=\"16b67c9\" data-element_type=\"widget\" data-settings=\"{&quot;step_next_label&quot;:&quot;Next&quot;,&quot;step_previous_label&quot;:&quot;Previous&quot;,&quot;button_width&quot;:&quot;100&quot;,&quot;step_type&quot;:&quot;number_text&quot;,&quot;step_icon_shape&quot;:&quot;circle&quot;}\" data-widget_type=\"form.default\">\n\t\t\t\t<div class=\"elementor-widget-container\">\n\t\t\t\t\t\t\t<form class=\"elementor-form\" method=\"post\" name=\"New Form\" aria-label=\"New Form\">\n\t\t\t<input type=\"hidden\" name=\"post_id\" value=\"25\"\/>\n\t\t\t<input type=\"hidden\" name=\"form_id\" value=\"16b67c9\"\/>\n\t\t\t<input type=\"hidden\" name=\"referer_title\" value=\"Power Catamar\u00e3 - ROVERCAT 280 - Murano Yachts\" \/>\n\n\t\t\t\t\t\t\t<input type=\"hidden\" name=\"queried_id\" value=\"25\"\/>\n\t\t\t\n\t\t\t<div class=\"elementor-form-fields-wrapper elementor-labels-above\">\n\t\t\t\t\t\t\t\t<div class=\"elementor-field-type-text elementor-field-group elementor-column elementor-field-group-name elementor-col-100\">\n\t\t\t\t\t\t\t\t\t\t\t\t\t<input size=\"1\" type=\"text\" name=\"form_fields[name]\" id=\"form-field-name\" class=\"elementor-field elementor-size-sm  elementor-field-textual\" placeholder=\"Nome\">\n\t\t\t\t\t\t\t\t\t\t\t<\/div>\n\t\t\t\t\t\t\t\t<div class=\"elementor-field-type-email elementor-field-group elementor-column elementor-field-group-email elementor-col-100 elementor-field-required\">\n\t\t\t\t\t\t\t\t\t\t\t\t\t<input size=\"1\" type=\"email\" name=\"form_fields[email]\" id=\"form-field-email\" class=\"elementor-field elementor-size-sm  elementor-field-textual\" placeholder=\"Email\" required=\"required\">\n\t\t\t\t\t\t\t\t\t\t\t<\/div>\n\t\t\t\t\t\t\t\t<div class=\"elementor-field-type-tel elementor-field-group elementor-column elementor-field-group-field_fa4452f elementor-col-100 elementor-field-required\">\n\t\t\t\t\t\t\t<input size=\"1\" type=\"tel\" name=\"form_fields[field_fa4452f]\" id=\"form-field-field_fa4452f\" class=\"elementor-field elementor-size-sm  elementor-field-textual\" placeholder=\"Telefone\" required=\"required\" pattern=\"[0-9()#&amp;+*-=.]+\" title=\"Apenas n\u00fameros e caracteres de telefone (#, -, *, etc.) s\u00e3o aceitos.\">\n\n\t\t\t\t\t\t<\/div>\n\t\t\t\t\t\t\t\t<div class=\"elementor-field-type-select elementor-field-group elementor-column elementor-field-group-field_583ac40 elementor-col-100 elementor-field-required\">\n\t\t\t\t\t\t\t<div class=\"elementor-field elementor-select-wrapper remove-before \">\n\t\t\t<div class=\"select-caret-down-wrapper\">\n\t\t\t\t<svg aria-hidden=\"true\" class=\"e-font-icon-svg e-eicon-caret-down\" viewBox=\"0 0 571.4 571.4\" xmlns=\"http:\/\/www.w3.org\/2000\/svg\"><path d=\"M571 393Q571 407 561 418L311 668Q300 679 286 679T261 668L11 418Q0 407 0 393T11 368 36 357H536Q550 357 561 368T571 393Z\"><\/path><\/svg>\t\t\t<\/div>\n\t\t\t<select name=\"form_fields[field_583ac40]\" id=\"form-field-field_583ac40\" class=\"elementor-field-textual elementor-size-sm\" required=\"required\">\n\t\t\t\t\t\t\t\t\t<option value=\"ROVERCAT 280\">ROVERCAT 280<\/option>\n\t\t\t\t\t\t\t<\/select>\n\t\t<\/div>\n\t\t\t\t\t\t<\/div>\n\t\t\t\t\t\t\t\t<div class=\"elementor-field-group elementor-column elementor-field-type-submit elementor-col-100 e-form__buttons\">\n\t\t\t\t\t<button class=\"elementor-button elementor-size-sm\" type=\"submit\">\n\t\t\t\t\t\t<span class=\"elementor-button-content-wrapper\">\n\t\t\t\t\t\t\t\t\t\t\t\t\t\t\t\t\t\t\t\t\t\t<span class=\"elementor-button-text\">Enviar<\/span>\n\t\t\t\t\t\t\t\t\t\t\t\t\t<\/span>\n\t\t\t\t\t<\/button>\n\t\t\t\t<\/div>\n\t\t\t<\/div>\n\t\t<\/form>\n\t\t\t\t\t\t<\/div>\n\t\t\t\t<\/div>\n\t\t\t\t<\/div>\n\t\t\t\t\t<\/div>\n\t\t\t\t<\/div>\n\t\t\t\t<\/div>\n\t\t","protected":false},"excerpt":{"rendered":"<p>CATAMAR\u00c3 ROVERCAT 280 Em breve Rovercat 280 Pescar. Navegar. Explorar! Com lan\u00e7amento previsto para o in\u00edcio de 2026, o nov\u00edssimo Rovercat de 28 p\u00e9s combina o requinte artesanal caracter\u00edstico de Murano com a estabilidade e a efici\u00eancia de um verdadeiro catamar\u00e3 a motor. Projetado para viagens de pesca inesquec\u00edveis e aventuras em fam\u00edlia, equipado com [&hellip;]<\/p>\n","protected":false},"author":1,"featured_media":0,"parent":0,"menu_order":0,"comment_status":"closed","ping_status":"closed","template":"","meta":{"_monsterinsights_skip_tracking":false,"_monsterinsights_sitenote_active":false,"_monsterinsights_sitenote_note":"","_monsterinsights_sitenote_category":0,"footnotes":""},"class_list":["post-25","page","type-page","status-publish","hentry"],"yoast_head":"<!-- This site is optimized with the Yoast SEO plugin v22.9 - https:\/\/yoast.com\/wordpress\/plugins\/seo\/ -->\n<title>Power Catamar\u00e3 - ROVERCAT 280 - Murano Yachts<\/title>\n<meta name=\"robots\" content=\"index, follow, max-snippet:-1, max-image-preview:large, max-video-preview:-1\" \/>\n<link rel=\"canonical\" href=\"https:\/\/muranoyachts.com\/pt-br\/power-catamaras-rovercat-280\/\" \/>\n<meta property=\"og:locale\" content=\"pt_BR\" \/>\n<meta property=\"og:type\" content=\"article\" \/>\n<meta property=\"og:title\" content=\"Power Catamar\u00e3 - ROVERCAT 280 - Murano Yachts\" \/>\n<meta property=\"og:description\" content=\"CATAMAR\u00c3 ROVERCAT 280 Em breve Rovercat 280 Pescar. Navegar. Explorar! Com lan\u00e7amento previsto para o in\u00edcio de 2026, o nov\u00edssimo Rovercat de 28 p\u00e9s combina o requinte artesanal caracter\u00edstico de Murano com a estabilidade e a efici\u00eancia de um verdadeiro catamar\u00e3 a motor. Projetado para viagens de pesca inesquec\u00edveis e aventuras em fam\u00edlia, equipado com [&hellip;]\" \/>\n<meta property=\"og:url\" content=\"https:\/\/muranoyachts.com\/pt-br\/power-catamaras-rovercat-280\/\" \/>\n<meta property=\"og:site_name\" content=\"Murano Yachts\" \/>\n<meta property=\"article:modified_time\" content=\"2025-11-20T14:48:18+00:00\" \/>\n<meta name=\"twitter:card\" content=\"summary_large_image\" \/>\n<meta name=\"twitter:label1\" content=\"Est. tempo de leitura\" \/>\n\t<meta name=\"twitter:data1\" content=\"1 minuto\" \/>\n<script type=\"application\/ld+json\" class=\"yoast-schema-graph\">{\"@context\":\"https:\/\/schema.org\",\"@graph\":[{\"@type\":\"WebPage\",\"@id\":\"https:\/\/muranoyachts.com\/pt-br\/power-catamaras-rovercat-280\/\",\"url\":\"https:\/\/muranoyachts.com\/pt-br\/power-catamaras-rovercat-280\/\",\"name\":\"Power Catamar\u00e3 - ROVERCAT 280 - Murano Yachts\",\"isPartOf\":{\"@id\":\"https:\/\/muranoyachts.com\/#website\"},\"datePublished\":\"2024-06-16T14:38:42+00:00\",\"dateModified\":\"2025-11-20T14:48:18+00:00\",\"breadcrumb\":{\"@id\":\"https:\/\/muranoyachts.com\/pt-br\/power-catamaras-rovercat-280\/#breadcrumb\"},\"inLanguage\":\"pt-BR\",\"potentialAction\":[{\"@type\":\"ReadAction\",\"target\":[\"https:\/\/muranoyachts.com\/pt-br\/power-catamaras-rovercat-280\/\"]}]},{\"@type\":\"BreadcrumbList\",\"@id\":\"https:\/\/muranoyachts.com\/pt-br\/power-catamaras-rovercat-280\/#breadcrumb\",\"itemListElement\":[{\"@type\":\"ListItem\",\"position\":1,\"name\":\"In\u00edcio\",\"item\":\"https:\/\/muranoyachts.com\/pt-br\/\"},{\"@type\":\"ListItem\",\"position\":2,\"name\":\"Power Catamar\u00e3 &#8211; ROVERCAT 280\"}]},{\"@type\":\"WebSite\",\"@id\":\"https:\/\/muranoyachts.com\/#website\",\"url\":\"https:\/\/muranoyachts.com\/\",\"name\":\"Murano Yachts\",\"description\":\"Efficiency &amp; Performance\",\"publisher\":{\"@id\":\"https:\/\/muranoyachts.com\/#organization\"},\"potentialAction\":[{\"@type\":\"SearchAction\",\"target\":{\"@type\":\"EntryPoint\",\"urlTemplate\":\"https:\/\/muranoyachts.com\/?s={search_term_string}\"},\"query-input\":\"required name=search_term_string\"}],\"inLanguage\":\"pt-BR\"},{\"@type\":\"Organization\",\"@id\":\"https:\/\/muranoyachts.com\/#organization\",\"name\":\"Murano Yachts\",\"url\":\"https:\/\/muranoyachts.com\/\",\"logo\":{\"@type\":\"ImageObject\",\"inLanguage\":\"pt-BR\",\"@id\":\"https:\/\/muranoyachts.com\/#\/schema\/logo\/image\/\",\"url\":\"https:\/\/muranoyachts.com\/wp-content\/uploads\/2024\/06\/173b8ff3-0422-4dbe-96f8-497fae982425-2.png\",\"contentUrl\":\"https:\/\/muranoyachts.com\/wp-content\/uploads\/2024\/06\/173b8ff3-0422-4dbe-96f8-497fae982425-2.png\",\"width\":2048,\"height\":268,\"caption\":\"Murano Yachts\"},\"image\":{\"@id\":\"https:\/\/muranoyachts.com\/#\/schema\/logo\/image\/\"}}]}<\/script>\n<!-- \/ Yoast SEO plugin. -->","yoast_head_json":{"title":"Power Catamar\u00e3 - ROVERCAT 280 - Murano Yachts","robots":{"index":"index","follow":"follow","max-snippet":"max-snippet:-1","max-image-preview":"max-image-preview:large","max-video-preview":"max-video-preview:-1"},"canonical":"https:\/\/muranoyachts.com\/pt-br\/power-catamaras-rovercat-280\/","og_locale":"pt_BR","og_type":"article","og_title":"Power Catamar\u00e3 - ROVERCAT 280 - Murano Yachts","og_description":"CATAMAR\u00c3 ROVERCAT 280 Em breve Rovercat 280 Pescar. Navegar. Explorar! Com lan\u00e7amento previsto para o in\u00edcio de 2026, o nov\u00edssimo Rovercat de 28 p\u00e9s combina o requinte artesanal caracter\u00edstico de Murano com a estabilidade e a efici\u00eancia de um verdadeiro catamar\u00e3 a motor. Projetado para viagens de pesca inesquec\u00edveis e aventuras em fam\u00edlia, equipado com [&hellip;]","og_url":"https:\/\/muranoyachts.com\/pt-br\/power-catamaras-rovercat-280\/","og_site_name":"Murano Yachts","article_modified_time":"2025-11-20T14:48:18+00:00","twitter_card":"summary_large_image","twitter_misc":{"Est. tempo de leitura":"1 minuto"},"schema":{"@context":"https:\/\/schema.org","@graph":[{"@type":"WebPage","@id":"https:\/\/muranoyachts.com\/pt-br\/power-catamaras-rovercat-280\/","url":"https:\/\/muranoyachts.com\/pt-br\/power-catamaras-rovercat-280\/","name":"Power Catamar\u00e3 - ROVERCAT 280 - Murano Yachts","isPartOf":{"@id":"https:\/\/muranoyachts.com\/#website"},"datePublished":"2024-06-16T14:38:42+00:00","dateModified":"2025-11-20T14:48:18+00:00","breadcrumb":{"@id":"https:\/\/muranoyachts.com\/pt-br\/power-catamaras-rovercat-280\/#breadcrumb"},"inLanguage":"pt-BR","potentialAction":[{"@type":"ReadAction","target":["https:\/\/muranoyachts.com\/pt-br\/power-catamaras-rovercat-280\/"]}]},{"@type":"BreadcrumbList","@id":"https:\/\/muranoyachts.com\/pt-br\/power-catamaras-rovercat-280\/#breadcrumb","itemListElement":[{"@type":"ListItem","position":1,"name":"In\u00edcio","item":"https:\/\/muranoyachts.com\/pt-br\/"},{"@type":"ListItem","position":2,"name":"Power Catamar\u00e3 &#8211; ROVERCAT 280"}]},{"@type":"WebSite","@id":"https:\/\/muranoyachts.com\/#website","url":"https:\/\/muranoyachts.com\/","name":"Murano Yachts","description":"Efficiency &amp; Performance","publisher":{"@id":"https:\/\/muranoyachts.com\/#organization"},"potentialAction":[{"@type":"SearchAction","target":{"@type":"EntryPoint","urlTemplate":"https:\/\/muranoyachts.com\/?s={search_term_string}"},"query-input":"required name=search_term_string"}],"inLanguage":"pt-BR"},{"@type":"Organization","@id":"https:\/\/muranoyachts.com\/#organization","name":"Murano Yachts","url":"https:\/\/muranoyachts.com\/","logo":{"@type":"ImageObject","inLanguage":"pt-BR","@id":"https:\/\/muranoyachts.com\/#\/schema\/logo\/image\/","url":"https:\/\/muranoyachts.com\/wp-content\/uploads\/2024\/06\/173b8ff3-0422-4dbe-96f8-497fae982425-2.png","contentUrl":"https:\/\/muranoyachts.com\/wp-content\/uploads\/2024\/06\/173b8ff3-0422-4dbe-96f8-497fae982425-2.png","width":2048,"height":268,"caption":"Murano Yachts"},"image":{"@id":"https:\/\/muranoyachts.com\/#\/schema\/logo\/image\/"}}]}},"_links":{"self":[{"href":"https:\/\/muranoyachts.com\/pt-br\/wp-json\/wp\/v2\/pages\/25","targetHints":{"allow":["GET"]}}],"collection":[{"href":"https:\/\/muranoyachts.com\/pt-br\/wp-json\/wp\/v2\/pages"}],"about":[{"href":"https:\/\/muranoyachts.com\/pt-br\/wp-json\/wp\/v2\/types\/page"}],"author":[{"embeddable":true,"href":"https:\/\/muranoyachts.com\/pt-br\/wp-json\/wp\/v2\/users\/1"}],"replies":[{"embeddable":true,"href":"https:\/\/muranoyachts.com\/pt-br\/wp-json\/wp\/v2\/comments?post=25"}],"version-history":[{"count":41,"href":"https:\/\/muranoyachts.com\/pt-br\/wp-json\/wp\/v2\/pages\/25\/revisions"}],"predecessor-version":[{"id":5157,"href":"https:\/\/muranoyachts.com\/pt-br\/wp-json\/wp\/v2\/pages\/25\/revisions\/5157"}],"wp:attachment":[{"href":"https:\/\/muranoyachts.com\/pt-br\/wp-json\/wp\/v2\/media?parent=25"}],"curies":[{"name":"wp","href":"https:\/\/api.w.org\/{rel}","templated":true}]}}